{"id":10219,"date":"2026-02-26T16:34:28","date_gmt":"2026-02-26T15:34:28","guid":{"rendered":"https:\/\/founders.ma\/?page_id=10219"},"modified":"2026-04-25T12:35:35","modified_gmt":"2026-04-25T11:35:35","slug":"accueil","status":"publish","type":"page","link":"https:\/\/founders.ma\/","title":{"rendered":"Accueil"},"content":{"rendered":"\t\t<div data-elementor-type=\"wp-page\" data-elementor-id=\"10219\" class=\"elementor elementor-10219\">\n\t\t\t\t\t\t<section class=\"elementor-section elementor-top-section elementor-element elementor-element-8f45500 elementor-section-full_width elementor-section-content-middle elementor-section-height-default elementor-section-height-default\" data-id=\"8f45500\" data-element_type=\"section\" data-e-type=\"section\" data-settings=\"{\"background_background\":\"classic\"}\">\n\t\t\t\t\t\t\t<div class=\"elementor-background-overlay\"><\/div>\n\t\t\t\t\t\t\t<div class=\"elementor-container elementor-column-gap-default\">\n\t\t\t\t\t<div class=\"elementor-column elementor-col-100 elementor-top-column elementor-element elementor-element-e8f57b8\" data-id=\"e8f57b8\" data-element_type=\"column\" data-e-type=\"column\">\n\t\t\t<div class=\"elementor-widget-wrap elementor-element-populated\">\n\t\t\t\t\t\t<div class=\"elementor-element elementor-element-1d3ac10 elementor-widget__width-initial elementor-widget elementor-widget-heading\" data-id=\"1d3ac10\" data-element_type=\"widget\" data-e-type=\"widget\" data-widget_type=\"heading.default\">\n\t\t\t\t\t<h2 class=\"elementor-heading-title elementor-size-default\">Rejoignez l'\u00e9cosyst\u00e8me entrepreneurial r\u00e9gional<\/h2>\t\t\t\t<\/div>\n\t\t\t\t<div class=\"elementor-element elementor-element-ec88f64 elementor-widget__width-initial elementor-widget elementor-widget-text-editor\" data-id=\"ec88f64\" data-element_type=\"widget\" data-e-type=\"widget\" data-widget_type=\"text-editor.default\">\n\t\t\t\t\t<div class=\"bb-theme-elementor-wrap bb-elementor-custom-color bb-elementor-custom-family bb-elementor-custom-size\">\t\t\t\tFounders by COPERE connecte les entrepreneurs et les partenaires publiques et priv\u00e9s\npour booster l\u2019innovation dans la r\u00e9gion Marrakech -Safi\t\t\t\t<\/div>\t\t\t\t<\/div>\n\t\t\t\t<div class=\"elementor-element elementor-element-a2cfd31 elementor-align-center elementor-widget elementor-widget-button\" data-id=\"a2cfd31\" data-element_type=\"widget\" data-e-type=\"widget\" data-widget_type=\"button.default\">\n\t\t\t\t\t\t\t\t\t\t<a class=\"elementor-button elementor-button-link elementor-size-sm\" href=\"\/news-feed\">\n\t\t\t\t\t\t<span class=\"elementor-button-content-wrapper\">\n\t\t\t\t\t\t<span class=\"elementor-button-icon\">\n\t\t\t\t<svg aria-hidden=\"true\" class=\"e-font-icon-svg e-fas-arrow-right\" viewBox=\"0 0 448 512\" xmlns=\"http:\/\/www.w3.org\/2000\/svg\"><path d=\"M190.5 66.9l22.2-22.2c9.4-9.4 24.6-9.4 33.9 0L441 239c9.4 9.4 9.4 24.6 0 33.9L246.6 467.3c-9.4 9.4-24.6 9.4-33.9 0l-22.2-22.2c-9.5-9.5-9.3-25 .4-34.3L311.4 296H24c-13.3 0-24-10.7-24-24v-32c0-13.3 10.7-24 24-24h287.4L190.9 101.2c-9.8-9.3-10-24.8-.4-34.3z\"><\/path><\/svg>\t\t\t<\/span>\n\t\t\t\t\t\t\t\t\t<span class=\"elementor-button-text\">Rejoindre la communaut\u00e9<\/span>\n\t\t\t\t\t<\/span>\n\t\t\t\t\t<\/a>\n\t\t\t\t\t\t\t\t<\/div>\n\t\t\t\t\t<\/div>\n\t\t<\/div>\n\t\t\t\t\t<\/div>\n\t\t<\/section>\n\t\t\t\t<\/div>\n\t\t","protected":false},"excerpt":{"rendered":"<p>Rejoignez l\u2019\u00e9cosyst\u00e8me entrepreneurial r\u00e9gional Founders by COPERE connecte les entrepreneurs et les partenaires publiques et priv\u00e9s pour booster l\u2019innovation dans la r\u00e9gion Marrakech -Safi Rejoindre\u2026<\/p>\n","protected":false},"author":122,"featured_media":0,"parent":0,"menu_order":0,"comment_status":"closed","ping_status":"closed","template":"elementor_header_footer","meta":{"_acf_changed":false,"inline_featured_image":false,"footnotes":""},"class_list":["post-10219","page","type-page","status-publish","hentry"],"acf":[],"yoast_head":"<!-- This site is optimized with the Yoast SEO Premium plugin v18.3 (Yoast SEO v27.4) - https:\/\/yoast.com\/product\/yoast-seo-premium-wordpress\/ -->\n<title>Accueil - Founders.ma<\/title>\n<meta name=\"robots\" content=\"index, follow, max-snippet:-1, max-image-preview:large, max-video-preview:-1\" \/>\n<link rel=\"canonical\" href=\"https:\/\/founders.ma\/\" \/>\n<meta property=\"og:locale\" content=\"fr_FR\" \/>\n<meta property=\"og:type\" content=\"article\" \/>\n<meta property=\"og:title\" content=\"Accueil\" \/>\n<meta property=\"og:description\" content=\"Rejoignez l\u2019\u00e9cosyst\u00e8me entrepreneurial r\u00e9gional Founders by COPERE connecte les entrepreneurs et les partenaires publiques et priv\u00e9s pour booster l\u2019innovation dans la r\u00e9gion Marrakech -Safi Rejoindre\u2026\" \/>\n<meta property=\"og:url\" content=\"https:\/\/founders.ma\/\" \/>\n<meta property=\"og:site_name\" content=\"Founders.ma\" \/>\n<meta property=\"article:modified_time\" content=\"2026-04-25T11:35:35+00:00\" \/>\n<meta name=\"twitter:card\" content=\"summary_large_image\" \/>\n<meta name=\"twitter:label1\" content=\"Dur\u00e9e de lecture estim\u00e9e\" \/>\n\t<meta name=\"twitter:data1\" content=\"1 minute\" \/>\n<script type=\"application\/ld+json\" class=\"yoast-schema-graph\">{\"@context\":\"https:\\\/\\\/schema.org\",\"@graph\":[{\"@type\":\"WebPage\",\"@id\":\"https:\\\/\\\/founders.ma\\\/\",\"url\":\"https:\\\/\\\/founders.ma\\\/\",\"name\":\"Accueil - Founders.ma\",\"isPartOf\":{\"@id\":\"https:\\\/\\\/founders.ma\\\/#website\"},\"datePublished\":\"2026-02-26T15:34:28+00:00\",\"dateModified\":\"2026-04-25T11:35:35+00:00\",\"breadcrumb\":{\"@id\":\"https:\\\/\\\/founders.ma\\\/#breadcrumb\"},\"inLanguage\":\"fr-FR\",\"potentialAction\":[{\"@type\":\"ReadAction\",\"target\":[\"https:\\\/\\\/founders.ma\\\/\"]}]},{\"@type\":\"BreadcrumbList\",\"@id\":\"https:\\\/\\\/founders.ma\\\/#breadcrumb\",\"itemListElement\":[{\"@type\":\"ListItem\",\"position\":1,\"name\":\"Accueil\",\"item\":\"https:\\\/\\\/founders.ma\\\/\"},{\"@type\":\"ListItem\",\"position\":2,\"name\":\"Accueil\"}]},{\"@type\":\"WebSite\",\"@id\":\"https:\\\/\\\/founders.ma\\\/#website\",\"url\":\"https:\\\/\\\/founders.ma\\\/\",\"name\":\"Founders.ma\",\"description\":\"Une app et un r\u00e9seau pour vous\",\"publisher\":{\"@id\":\"https:\\\/\\\/founders.ma\\\/#organization\"},\"potentialAction\":[{\"@type\":\"SearchAction\",\"target\":{\"@type\":\"EntryPoint\",\"urlTemplate\":\"https:\\\/\\\/founders.ma\\\/?s={search_term_string}\"},\"query-input\":{\"@type\":\"PropertyValueSpecification\",\"valueRequired\":true,\"valueName\":\"search_term_string\"}}],\"inLanguage\":\"fr-FR\"},{\"@type\":\"Organization\",\"@id\":\"https:\\\/\\\/founders.ma\\\/#organization\",\"name\":\"Founders.ma\",\"url\":\"https:\\\/\\\/founders.ma\\\/\",\"logo\":{\"@type\":\"ImageObject\",\"inLanguage\":\"fr-FR\",\"@id\":\"https:\\\/\\\/founders.ma\\\/#\\\/schema\\\/logo\\\/image\\\/\",\"url\":\"http:\\\/\\\/founders.ma\\\/wp-content\\\/uploads\\\/2021\\\/11\\\/Founders.png\",\"contentUrl\":\"http:\\\/\\\/founders.ma\\\/wp-content\\\/uploads\\\/2021\\\/11\\\/Founders.png\",\"width\":756,\"height\":175,\"caption\":\"Founders.ma\"},\"image\":{\"@id\":\"https:\\\/\\\/founders.ma\\\/#\\\/schema\\\/logo\\\/image\\\/\"}}]}<\/script>\n<!-- \/ Yoast SEO Premium plugin. -->","yoast_head_json":{"title":"Accueil - Founders.ma","robots":{"index":"index","follow":"follow","max-snippet":"max-snippet:-1","max-image-preview":"max-image-preview:large","max-video-preview":"max-video-preview:-1"},"canonical":"https:\/\/founders.ma\/","og_locale":"fr_FR","og_type":"article","og_title":"Accueil","og_description":"Rejoignez l\u2019\u00e9cosyst\u00e8me entrepreneurial r\u00e9gional Founders by COPERE connecte les entrepreneurs et les partenaires publiques et priv\u00e9s pour booster l\u2019innovation dans la r\u00e9gion Marrakech -Safi Rejoindre\u2026","og_url":"https:\/\/founders.ma\/","og_site_name":"Founders.ma","article_modified_time":"2026-04-25T11:35:35+00:00","twitter_card":"summary_large_image","twitter_misc":{"Dur\u00e9e de lecture estim\u00e9e":"1 minute"},"schema":{"@context":"https:\/\/schema.org","@graph":[{"@type":"WebPage","@id":"https:\/\/founders.ma\/","url":"https:\/\/founders.ma\/","name":"Accueil - Founders.ma","isPartOf":{"@id":"https:\/\/founders.ma\/#website"},"datePublished":"2026-02-26T15:34:28+00:00","dateModified":"2026-04-25T11:35:35+00:00","breadcrumb":{"@id":"https:\/\/founders.ma\/#breadcrumb"},"inLanguage":"fr-FR","potentialAction":[{"@type":"ReadAction","target":["https:\/\/founders.ma\/"]}]},{"@type":"BreadcrumbList","@id":"https:\/\/founders.ma\/#breadcrumb","itemListElement":[{"@type":"ListItem","position":1,"name":"Accueil","item":"https:\/\/founders.ma\/"},{"@type":"ListItem","position":2,"name":"Accueil"}]},{"@type":"WebSite","@id":"https:\/\/founders.ma\/#website","url":"https:\/\/founders.ma\/","name":"Founders.ma","description":"Une app et un r\u00e9seau pour vous","publisher":{"@id":"https:\/\/founders.ma\/#organization"},"potentialAction":[{"@type":"SearchAction","target":{"@type":"EntryPoint","urlTemplate":"https:\/\/founders.ma\/?s={search_term_string}"},"query-input":{"@type":"PropertyValueSpecification","valueRequired":true,"valueName":"search_term_string"}}],"inLanguage":"fr-FR"},{"@type":"Organization","@id":"https:\/\/founders.ma\/#organization","name":"Founders.ma","url":"https:\/\/founders.ma\/","logo":{"@type":"ImageObject","inLanguage":"fr-FR","@id":"https:\/\/founders.ma\/#\/schema\/logo\/image\/","url":"http:\/\/founders.ma\/wp-content\/uploads\/2021\/11\/Founders.png","contentUrl":"http:\/\/founders.ma\/wp-content\/uploads\/2021\/11\/Founders.png","width":756,"height":175,"caption":"Founders.ma"},"image":{"@id":"https:\/\/founders.ma\/#\/schema\/logo\/image\/"}}]}},"wpml_current_locale":"fr_FR","wpml_translations":{"ar":{"locale":"ar","id":10611,"slug":"%d8%a7%d9%84%d8%b5%d9%81%d8%ad%d8%a9-%d8%a7%d9%84%d8%b1%d8%a6%d9%8a%d8%b3%d9%8a%d8%a9","post_title":"\u0627\u0644\u0635\u0641\u062d\u0629 \u0627\u0644\u0631\u0626\u064a\u0633\u064a\u0629","href":"https:\/\/founders.ma\/ar\/%d8%a7%d9%84%d8%b5%d9%81%d8%ad%d8%a9-%d8%a7%d9%84%d8%b1%d8%a6%d9%8a%d8%b3%d9%8a%d8%a9\/"}},"app_access":{"can_access":true,"restrict_message":null},"language":{"code":"fr","locale":"","name":"","is_rtl":false},"_links":{"self":[{"href":"https:\/\/founders.ma\/wp-json\/wp\/v2\/pages\/10219","targetHints":{"allow":["GET"]}}],"collection":[{"href":"https:\/\/founders.ma\/wp-json\/wp\/v2\/pages"}],"about":[{"href":"https:\/\/founders.ma\/wp-json\/wp\/v2\/types\/page"}],"author":[{"embeddable":true,"href":"https:\/\/founders.ma\/wp-json\/wp\/v2\/users\/122"}],"replies":[{"embeddable":true,"href":"https:\/\/founders.ma\/wp-json\/wp\/v2\/comments?post=10219"}],"version-history":[{"count":127,"href":"https:\/\/founders.ma\/wp-json\/wp\/v2\/pages\/10219\/revisions"}],"predecessor-version":[{"id":10606,"href":"https:\/\/founders.ma\/wp-json\/wp\/v2\/pages\/10219\/revisions\/10606"}],"wp:attachment":[{"href":"https:\/\/founders.ma\/wp-json\/wp\/v2\/media?parent=10219"}],"curies":[{"name":"wp","href":"https:\/\/api.w.org\/{rel}","templated":true}]}}