{"id":7,"date":"2021-09-26T08:16:18","date_gmt":"2021-09-26T08:16:18","guid":{"rendered":"https:\/\/founders.ma\/fil-dactualites\/"},"modified":"2026-03-02T13:54:26","modified_gmt":"2026-03-02T12:54:26","slug":"news-feed","status":"publish","type":"page","link":"https:\/\/founders.ma\/news-feed\/","title":{"rendered":"Fil d\u2019actualit\u00e9s"},"content":{"rendered":"<p><!-- Created with Elementor --><!-- Created with Elementor --><\/p>\n","protected":false},"excerpt":{"rendered":"","protected":false},"author":1,"featured_media":10244,"parent":0,"menu_order":0,"comment_status":"closed","ping_status":"closed","template":"","meta":{"_acf_changed":false,"inline_featured_image":false,"footnotes":""},"class_list":["post-7","page","type-page","status-publish","has-post-thumbnail","hentry"],"acf":[],"yoast_head":"<!-- This site is optimized with the Yoast SEO Premium plugin v18.3 (Yoast SEO v27.4) - https:\/\/yoast.com\/product\/yoast-seo-premium-wordpress\/ -->\n<title>Founders.ma - La plateforme qui r\u00e9ussit aux entrepreneurs et porteurs de projets<\/title>\n<meta name=\"description\" content=\"La plate-forme de r\u00e9f\u00e9rence de l&#039;\u00e9cosyst\u00e8me entrepreneurial de la r\u00e9gion de Marrakech Safi. Actualit\u00e9s, \u00e9v\u00e9nements, projets et porteurs, institutions publiques et priv\u00e9es, toutes les parties prenantes pour r\u00e9ussir l&#039;\u00e9pop\u00e9e entrepreneuriale que poursuit une r\u00e9gion d&#039;exception.\" \/>\n<meta name=\"robots\" content=\"index, follow, max-snippet:-1, max-image-preview:large, max-video-preview:-1\" \/>\n<link rel=\"canonical\" href=\"https:\/\/founders.ma\/news-feed\/\" \/>\n<meta property=\"og:locale\" content=\"fr_FR\" \/>\n<meta property=\"og:type\" content=\"article\" \/>\n<meta property=\"og:title\" content=\"Fil d&#039;actualit\u00e9s - Founders.ma\" \/>\n<meta property=\"og:description\" content=\"La plate-forme de r\u00e9f\u00e9rence de l&#039;\u00e9cosyst\u00e8me entrepreneurial de la r\u00e9gion de Marrakech Safi. Actualit\u00e9s, \u00e9v\u00e9nements, projets et porteurs, institutions publiques et priv\u00e9es, toutes les parties prenantes pour r\u00e9ussir l&#039;\u00e9pop\u00e9e entrepreneuriale que poursuit une r\u00e9gion d&#039;exception.\" \/>\n<meta property=\"og:url\" content=\"https:\/\/founders.ma\/news-feed\/\" \/>\n<meta property=\"og:site_name\" content=\"Founders.ma\" \/>\n<meta property=\"article:modified_time\" content=\"2026-03-02T12:54:26+00:00\" \/>\n<meta property=\"og:image\" content=\"https:\/\/founders.ma\/wp-content\/uploads\/2022\/04\/cropped-logo_300.png\" \/>\n\t<meta property=\"og:image:width\" content=\"300\" \/>\n\t<meta property=\"og:image:height\" content=\"210\" \/>\n\t<meta property=\"og:image:type\" content=\"image\/png\" \/>\n<meta name=\"twitter:card\" content=\"summary_large_image\" \/>\n<meta name=\"twitter:title\" content=\"Fil d&#039;actualit\u00e9s - Founders.ma\" \/>\n<meta name=\"twitter:image\" content=\"https:\/\/founders.ma\/wp-content\/uploads\/2022\/04\/cropped-logo_300.png\" \/>\n<meta name=\"twitter:label1\" content=\"Dur\u00e9e de lecture estim\u00e9e\" \/>\n\t<meta name=\"twitter:data1\" content=\"1 minute\" \/>\n<script type=\"application\/ld+json\" class=\"yoast-schema-graph\">{\"@context\":\"https:\\\/\\\/schema.org\",\"@graph\":[{\"@type\":\"WebPage\",\"@id\":\"https:\\\/\\\/founders.ma\\\/news-feed\\\/\",\"url\":\"https:\\\/\\\/founders.ma\\\/news-feed\\\/\",\"name\":\"Founders.ma - La plateforme qui r\u00e9ussit aux entrepreneurs et porteurs de projets\",\"isPartOf\":{\"@id\":\"https:\\\/\\\/founders.ma\\\/#website\"},\"primaryImageOfPage\":{\"@id\":\"https:\\\/\\\/founders.ma\\\/news-feed\\\/#primaryimage\"},\"image\":{\"@id\":\"https:\\\/\\\/founders.ma\\\/news-feed\\\/#primaryimage\"},\"thumbnailUrl\":\"https:\\\/\\\/founders.ma\\\/wp-content\\\/uploads\\\/2026\\\/02\\\/logo-founders-scaled.png\",\"datePublished\":\"2021-09-26T08:16:18+00:00\",\"dateModified\":\"2026-03-02T12:54:26+00:00\",\"description\":\"La plate-forme de r\u00e9f\u00e9rence de l'\u00e9cosyst\u00e8me entrepreneurial de la r\u00e9gion de Marrakech Safi. Actualit\u00e9s, \u00e9v\u00e9nements, projets et porteurs, institutions publiques et priv\u00e9es, toutes les parties prenantes pour r\u00e9ussir l'\u00e9pop\u00e9e entrepreneuriale que poursuit une r\u00e9gion d'exception.\",\"breadcrumb\":{\"@id\":\"https:\\\/\\\/founders.ma\\\/news-feed\\\/#breadcrumb\"},\"inLanguage\":\"fr-FR\",\"potentialAction\":[{\"@type\":\"ReadAction\",\"target\":[\"https:\\\/\\\/founders.ma\\\/news-feed\\\/\"]}]},{\"@type\":\"ImageObject\",\"inLanguage\":\"fr-FR\",\"@id\":\"https:\\\/\\\/founders.ma\\\/news-feed\\\/#primaryimage\",\"url\":\"https:\\\/\\\/founders.ma\\\/wp-content\\\/uploads\\\/2026\\\/02\\\/logo-founders-scaled.png\",\"contentUrl\":\"https:\\\/\\\/founders.ma\\\/wp-content\\\/uploads\\\/2026\\\/02\\\/logo-founders-scaled.png\",\"width\":2560,\"height\":601},{\"@type\":\"BreadcrumbList\",\"@id\":\"https:\\\/\\\/founders.ma\\\/news-feed\\\/#breadcrumb\",\"itemListElement\":[{\"@type\":\"ListItem\",\"position\":1,\"name\":\"Accueil\",\"item\":\"https:\\\/\\\/founders.ma\\\/\"},{\"@type\":\"ListItem\",\"position\":2,\"name\":\"Fil d&#8217;actualit\u00e9s\"}]},{\"@type\":\"WebSite\",\"@id\":\"https:\\\/\\\/founders.ma\\\/#website\",\"url\":\"https:\\\/\\\/founders.ma\\\/\",\"name\":\"Founders.ma\",\"description\":\"Une app et un r\u00e9seau pour vous\",\"publisher\":{\"@id\":\"https:\\\/\\\/founders.ma\\\/#organization\"},\"potentialAction\":[{\"@type\":\"SearchAction\",\"target\":{\"@type\":\"EntryPoint\",\"urlTemplate\":\"https:\\\/\\\/founders.ma\\\/?s={search_term_string}\"},\"query-input\":{\"@type\":\"PropertyValueSpecification\",\"valueRequired\":true,\"valueName\":\"search_term_string\"}}],\"inLanguage\":\"fr-FR\"},{\"@type\":\"Organization\",\"@id\":\"https:\\\/\\\/founders.ma\\\/#organization\",\"name\":\"Founders.ma\",\"url\":\"https:\\\/\\\/founders.ma\\\/\",\"logo\":{\"@type\":\"ImageObject\",\"inLanguage\":\"fr-FR\",\"@id\":\"https:\\\/\\\/founders.ma\\\/#\\\/schema\\\/logo\\\/image\\\/\",\"url\":\"http:\\\/\\\/founders.ma\\\/wp-content\\\/uploads\\\/2021\\\/11\\\/Founders.png\",\"contentUrl\":\"http:\\\/\\\/founders.ma\\\/wp-content\\\/uploads\\\/2021\\\/11\\\/Founders.png\",\"width\":756,\"height\":175,\"caption\":\"Founders.ma\"},\"image\":{\"@id\":\"https:\\\/\\\/founders.ma\\\/#\\\/schema\\\/logo\\\/image\\\/\"}}]}<\/script>\n<!-- \/ Yoast SEO Premium plugin. -->","yoast_head_json":{"title":"Founders.ma - La plateforme qui r\u00e9ussit aux entrepreneurs et porteurs de projets","description":"La plate-forme de r\u00e9f\u00e9rence de l'\u00e9cosyst\u00e8me entrepreneurial de la r\u00e9gion de Marrakech Safi. Actualit\u00e9s, \u00e9v\u00e9nements, projets et porteurs, institutions publiques et priv\u00e9es, toutes les parties prenantes pour r\u00e9ussir l'\u00e9pop\u00e9e entrepreneuriale que poursuit une r\u00e9gion d'exception.","robots":{"index":"index","follow":"follow","max-snippet":"max-snippet:-1","max-image-preview":"max-image-preview:large","max-video-preview":"max-video-preview:-1"},"canonical":"https:\/\/founders.ma\/news-feed\/","og_locale":"fr_FR","og_type":"article","og_title":"Fil d'actualit\u00e9s - Founders.ma","og_description":"La plate-forme de r\u00e9f\u00e9rence de l'\u00e9cosyst\u00e8me entrepreneurial de la r\u00e9gion de Marrakech Safi. Actualit\u00e9s, \u00e9v\u00e9nements, projets et porteurs, institutions publiques et priv\u00e9es, toutes les parties prenantes pour r\u00e9ussir l'\u00e9pop\u00e9e entrepreneuriale que poursuit une r\u00e9gion d'exception.","og_url":"https:\/\/founders.ma\/news-feed\/","og_site_name":"Founders.ma","article_modified_time":"2026-03-02T12:54:26+00:00","og_image":[{"width":300,"height":210,"url":"https:\/\/founders.ma\/wp-content\/uploads\/2022\/04\/cropped-logo_300.png","type":"image\/png"}],"twitter_card":"summary_large_image","twitter_title":"Fil d'actualit\u00e9s - Founders.ma","twitter_image":"https:\/\/founders.ma\/wp-content\/uploads\/2022\/04\/cropped-logo_300.png","twitter_misc":{"Dur\u00e9e de lecture estim\u00e9e":"1 minute"},"schema":{"@context":"https:\/\/schema.org","@graph":[{"@type":"WebPage","@id":"https:\/\/founders.ma\/news-feed\/","url":"https:\/\/founders.ma\/news-feed\/","name":"Founders.ma - La plateforme qui r\u00e9ussit aux entrepreneurs et porteurs de projets","isPartOf":{"@id":"https:\/\/founders.ma\/#website"},"primaryImageOfPage":{"@id":"https:\/\/founders.ma\/news-feed\/#primaryimage"},"image":{"@id":"https:\/\/founders.ma\/news-feed\/#primaryimage"},"thumbnailUrl":"https:\/\/founders.ma\/wp-content\/uploads\/2026\/02\/logo-founders-scaled.png","datePublished":"2021-09-26T08:16:18+00:00","dateModified":"2026-03-02T12:54:26+00:00","description":"La plate-forme de r\u00e9f\u00e9rence de l'\u00e9cosyst\u00e8me entrepreneurial de la r\u00e9gion de Marrakech Safi. Actualit\u00e9s, \u00e9v\u00e9nements, projets et porteurs, institutions publiques et priv\u00e9es, toutes les parties prenantes pour r\u00e9ussir l'\u00e9pop\u00e9e entrepreneuriale que poursuit une r\u00e9gion d'exception.","breadcrumb":{"@id":"https:\/\/founders.ma\/news-feed\/#breadcrumb"},"inLanguage":"fr-FR","potentialAction":[{"@type":"ReadAction","target":["https:\/\/founders.ma\/news-feed\/"]}]},{"@type":"ImageObject","inLanguage":"fr-FR","@id":"https:\/\/founders.ma\/news-feed\/#primaryimage","url":"https:\/\/founders.ma\/wp-content\/uploads\/2026\/02\/logo-founders-scaled.png","contentUrl":"https:\/\/founders.ma\/wp-content\/uploads\/2026\/02\/logo-founders-scaled.png","width":2560,"height":601},{"@type":"BreadcrumbList","@id":"https:\/\/founders.ma\/news-feed\/#breadcrumb","itemListElement":[{"@type":"ListItem","position":1,"name":"Accueil","item":"https:\/\/founders.ma\/"},{"@type":"ListItem","position":2,"name":"Fil d&#8217;actualit\u00e9s"}]},{"@type":"WebSite","@id":"https:\/\/founders.ma\/#website","url":"https:\/\/founders.ma\/","name":"Founders.ma","description":"Une app et un r\u00e9seau pour vous","publisher":{"@id":"https:\/\/founders.ma\/#organization"},"potentialAction":[{"@type":"SearchAction","target":{"@type":"EntryPoint","urlTemplate":"https:\/\/founders.ma\/?s={search_term_string}"},"query-input":{"@type":"PropertyValueSpecification","valueRequired":true,"valueName":"search_term_string"}}],"inLanguage":"fr-FR"},{"@type":"Organization","@id":"https:\/\/founders.ma\/#organization","name":"Founders.ma","url":"https:\/\/founders.ma\/","logo":{"@type":"ImageObject","inLanguage":"fr-FR","@id":"https:\/\/founders.ma\/#\/schema\/logo\/image\/","url":"http:\/\/founders.ma\/wp-content\/uploads\/2021\/11\/Founders.png","contentUrl":"http:\/\/founders.ma\/wp-content\/uploads\/2021\/11\/Founders.png","width":756,"height":175,"caption":"Founders.ma"},"image":{"@id":"https:\/\/founders.ma\/#\/schema\/logo\/image\/"}}]}},"wpml_current_locale":"fr_FR","wpml_translations":{"ar":{"locale":"ar","id":10619,"slug":"%d8%a2%d8%ae%d8%b1-%d8%a7%d9%84%d8%a3%d8%ae%d8%a8%d8%a7%d8%b1","post_title":"\u0622\u062e\u0631 \u0627\u0644\u0623\u062e\u0628\u0627\u0631","href":"https:\/\/founders.ma\/ar\/%d8%a2%d8%ae%d8%b1-%d8%a7%d9%84%d8%a3%d8%ae%d8%a8%d8%a7%d8%b1\/"}},"app_access":{"can_access":true,"restrict_message":null},"language":{"code":"fr","locale":"","name":"","is_rtl":false},"_links":{"self":[{"href":"https:\/\/founders.ma\/wp-json\/wp\/v2\/pages\/7","targetHints":{"allow":["GET"]}}],"collection":[{"href":"https:\/\/founders.ma\/wp-json\/wp\/v2\/pages"}],"about":[{"href":"https:\/\/founders.ma\/wp-json\/wp\/v2\/types\/page"}],"author":[{"embeddable":true,"href":"https:\/\/founders.ma\/wp-json\/wp\/v2\/users\/1"}],"replies":[{"embeddable":true,"href":"https:\/\/founders.ma\/wp-json\/wp\/v2\/comments?post=7"}],"version-history":[{"count":4,"href":"https:\/\/founders.ma\/wp-json\/wp\/v2\/pages\/7\/revisions"}],"predecessor-version":[{"id":10447,"href":"https:\/\/founders.ma\/wp-json\/wp\/v2\/pages\/7\/revisions\/10447"}],"wp:featuredmedia":[{"embeddable":true,"href":"https:\/\/founders.ma\/wp-json\/wp\/v2\/media\/10244"}],"wp:attachment":[{"href":"https:\/\/founders.ma\/wp-json\/wp\/v2\/media?parent=7"}],"curies":[{"name":"wp","href":"https:\/\/api.w.org\/{rel}","templated":true}]}}